{"id":2123,"date":"2025-08-09T00:51:08","date_gmt":"2025-08-08T22:51:08","guid":{"rendered":"https:\/\/ingodepadel20253883.live-website.com\/?page_id=2123"},"modified":"2026-01-05T09:03:24","modified_gmt":"2026-01-05T08:03:24","slug":"blog","status":"publish","type":"page","link":"https:\/\/ingodepadel.com\/en_gb\/blog\/","title":{"rendered":"Blog"},"content":{"rendered":"<div data-elementor-type=\"wp-page\" data-elementor-id=\"2123\" class=\"elementor elementor-2123\" data-elementor-post-type=\"page\">\n\t\t\t\t<div class=\"elementor-element elementor-element-c95e139 e-con-full e-flex e-con e-parent\" data-id=\"c95e139\" data-element_type=\"container\" data-e-type=\"container\" data-settings=\"{&quot;jet_parallax_layout_list&quot;:[],&quot;background_background&quot;:&quot;classic&quot;}\">\n\t\t<div class=\"elementor-element elementor-element-0168d21 e-con-full e-flex e-con e-child\" data-id=\"0168d21\" data-element_type=\"container\" data-e-type=\"container\" data-settings=\"{&quot;jet_parallax_layout_list&quot;:[]}\">\n\t\t\t\t<div class=\"elementor-element elementor-element-fcaa7d4 elementor-widget elementor-widget-heading\" data-id=\"fcaa7d4\" data-element_type=\"widget\" data-e-type=\"widget\" data-widget_type=\"heading.default\">\n\t\t\t\t\t<h1 class=\"elementor-heading-title elementor-size-default\">BLOG INGODE<\/h1>\t\t\t\t<\/div>\n\t\t<div class=\"elementor-element elementor-element-e71e1a5 e-flex e-con-boxed e-con e-child\" data-id=\"e71e1a5\" data-element_type=\"container\" data-e-type=\"container\" data-settings=\"{&quot;jet_parallax_layout_list&quot;:[]}\">\n\t\t\t\t\t<div class=\"e-con-inner\">\n\t\t\t\t<div class=\"elementor-element elementor-element-0241d4a elementor-widget-divider--view-line elementor-widget elementor-widget-divider\" data-id=\"0241d4a\" data-element_type=\"widget\" data-e-type=\"widget\" data-widget_type=\"divider.default\">\n\t\t\t\t\t\t\t<div class=\"elementor-divider\">\n\t\t\t<span class=\"elementor-divider-separator\">\n\t\t\t\t\t\t<\/span>\n\t\t<\/div>\n\t\t\t\t\t\t<\/div>\n\t\t\t\t\t<\/div>\n\t\t\t\t<\/div>\n\t\t\t\t<\/div>\n\t\t\t\t<\/div>\n\t\t<div class=\"elementor-element elementor-element-69e4c96 e-con-full e-flex e-con e-parent\" data-id=\"69e4c96\" data-element_type=\"container\" data-e-type=\"container\" data-settings=\"{&quot;jet_parallax_layout_list&quot;:[],&quot;background_background&quot;:&quot;classic&quot;}\">\n\t\t<div class=\"elementor-element elementor-element-3690de6 e-flex e-con-boxed e-con e-child\" data-id=\"3690de6\" data-element_type=\"container\" data-e-type=\"container\" data-settings=\"{&quot;jet_parallax_layout_list&quot;:[]}\">\n\t\t\t\t\t<div class=\"e-con-inner\">\n\t\t\t\t<div class=\"elementor-element elementor-element-14b008b elementor-grid-3 elementor-grid-tablet-2 elementor-grid-mobile-1 elementor-posts--thumbnail-top elementor-card-shadow-yes elementor-posts__hover-gradient elementor-widget elementor-widget-posts\" data-id=\"14b008b\" data-element_type=\"widget\" data-e-type=\"widget\" data-settings=\"{&quot;pagination_type&quot;:&quot;load_more_infinite_scroll&quot;,&quot;cards_columns&quot;:&quot;3&quot;,&quot;cards_columns_tablet&quot;:&quot;2&quot;,&quot;cards_columns_mobile&quot;:&quot;1&quot;,&quot;cards_row_gap&quot;:{&quot;unit&quot;:&quot;px&quot;,&quot;size&quot;:35,&quot;sizes&quot;:[]},&quot;cards_row_gap_tablet&quot;:{&quot;unit&quot;:&quot;px&quot;,&quot;size&quot;:&quot;&quot;,&quot;sizes&quot;:[]},&quot;cards_row_gap_mobile&quot;:{&quot;unit&quot;:&quot;px&quot;,&quot;size&quot;:&quot;&quot;,&quot;sizes&quot;:[]},&quot;load_more_spinner&quot;:{&quot;value&quot;:&quot;fas fa-spinner&quot;,&quot;library&quot;:&quot;fa-solid&quot;}}\" data-widget_type=\"posts.cards\">\n\t\t\t\t<div class=\"elementor-widget-container\">\n\t\t\t\t\t\t\t<div class=\"elementor-posts-container elementor-posts elementor-posts--skin-cards elementor-grid\" role=\"list\">\n\t\t\t\t<article class=\"elementor-post elementor-grid-item post-6580 post type-post status-publish format-standard has-post-thumbnail hentry category-sin-categoria\" role=\"listitem\">\n\t\t\t<div class=\"elementor-post__card\">\n\t\t\t\t<a class=\"elementor-post__thumbnail__link\" href=\"https:\/\/ingodepadel.com\/en_gb\/asi-es-como-ingode-padel-courts-cumplen-con-la-normativa-fip\/\" tabindex=\"-1\" ><div class=\"elementor-post__thumbnail\"><img loading=\"lazy\" decoding=\"async\" width=\"300\" height=\"169\" src=\"https:\/\/ingodepadel.com\/wp-content\/uploads\/2026\/03\/ingode_padel_courts_aproved_by_fip-300x169.webp\" class=\"attachment-medium size-medium wp-image-6581\" alt=\"\" srcset=\"https:\/\/ingodepadel.com\/wp-content\/uploads\/2026\/03\/ingode_padel_courts_aproved_by_fip-300x169.webp 300w, https:\/\/ingodepadel.com\/wp-content\/uploads\/2026\/03\/ingode_padel_courts_aproved_by_fip-1024x576.webp 1024w, https:\/\/ingodepadel.com\/wp-content\/uploads\/2026\/03\/ingode_padel_courts_aproved_by_fip-768x432.webp 768w, https:\/\/ingodepadel.com\/wp-content\/uploads\/2026\/03\/ingode_padel_courts_aproved_by_fip-1536x864.webp 1536w, https:\/\/ingodepadel.com\/wp-content\/uploads\/2026\/03\/ingode_padel_courts_aproved_by_fip-18x10.webp 18w, https:\/\/ingodepadel.com\/wp-content\/uploads\/2026\/03\/ingode_padel_courts_aproved_by_fip.webp 1920w\" sizes=\"auto, (max-width: 300px) 100vw, 300px\" \/><\/div><\/a>\n\t\t\t\t<div class=\"elementor-post__text\">\n\t\t\t\t<h3 class=\"elementor-post__title\">\n\t\t\t<a href=\"https:\/\/ingodepadel.com\/en_gb\/asi-es-como-ingode-padel-courts-cumplen-con-la-normativa-fip\/\" >\n\t\t\t\tAs\u00ed es como Ingode Padel Courts cumplen con la normativa FIP\t\t\t<\/a>\n\t\t<\/h3>\n\t\t\t\t<div class=\"elementor-post__excerpt\">\n\t\t\t<p>Ingenier\u00eda de Alta Competici\u00f3n: C\u00f3mo las Pistas Ingode superan la Normativa FIP En el mundo de las instalaciones deportivas, la diferencia entre una pista amateur y un escenario de alta competici\u00f3n reside en los detalles. Con el p\u00e1del profesionalizando sus estructuras a un ritmo vertiginoso y mirando de reojo hacia<\/p>\n\t\t<\/div>\n\t\t\n\t\t<a class=\"elementor-post__read-more\" href=\"https:\/\/ingodepadel.com\/en_gb\/asi-es-como-ingode-padel-courts-cumplen-con-la-normativa-fip\/\" aria-label=\"Read more about As\u00ed es como Ingode Padel Courts cumplen con la normativa FIP\" tabindex=\"-1\" >\n\t\t\tLeer m\u00e1s &gt;\t\t<\/a>\n\n\t\t\t\t<\/div>\n\t\t\t\t<div class=\"elementor-post__meta-data\">\n\t\t\t\t\t<span class=\"elementor-post-date\">\n\t\t\tMarch 23, 2026\t\t<\/span>\n\t\t\t\t<\/div>\n\t\t\t\t\t<\/div>\n\t\t<\/article>\n\t\t\t\t<article class=\"elementor-post elementor-grid-item post-6577 post type-post status-publish format-standard has-post-thumbnail hentry category-sin-categoria\" role=\"listitem\">\n\t\t\t<div class=\"elementor-post__card\">\n\t\t\t\t<a class=\"elementor-post__thumbnail__link\" href=\"https:\/\/ingodepadel.com\/en_gb\/3d-render-previsualiza-tu-proyecto\/\" tabindex=\"-1\" ><div class=\"elementor-post__thumbnail\"><img loading=\"lazy\" decoding=\"async\" width=\"300\" height=\"169\" src=\"https:\/\/ingodepadel.com\/wp-content\/uploads\/2026\/03\/ingode_padel_courts_3d_render_-300x169.webp\" class=\"attachment-medium size-medium wp-image-6578\" alt=\"\" srcset=\"https:\/\/ingodepadel.com\/wp-content\/uploads\/2026\/03\/ingode_padel_courts_3d_render_-300x169.webp 300w, https:\/\/ingodepadel.com\/wp-content\/uploads\/2026\/03\/ingode_padel_courts_3d_render_-1024x576.webp 1024w, https:\/\/ingodepadel.com\/wp-content\/uploads\/2026\/03\/ingode_padel_courts_3d_render_-768x432.webp 768w, https:\/\/ingodepadel.com\/wp-content\/uploads\/2026\/03\/ingode_padel_courts_3d_render_-1536x864.webp 1536w, https:\/\/ingodepadel.com\/wp-content\/uploads\/2026\/03\/ingode_padel_courts_3d_render_-18x10.webp 18w, https:\/\/ingodepadel.com\/wp-content\/uploads\/2026\/03\/ingode_padel_courts_3d_render_.webp 1920w\" sizes=\"auto, (max-width: 300px) 100vw, 300px\" \/><\/div><\/a>\n\t\t\t\t<div class=\"elementor-post__text\">\n\t\t\t\t<h3 class=\"elementor-post__title\">\n\t\t\t<a href=\"https:\/\/ingodepadel.com\/en_gb\/3d-render-previsualiza-tu-proyecto\/\" >\n\t\t\t\t3D Render \/ Previsualiza t\u00fa proyecto\t\t\t<\/a>\n\t\t<\/h3>\n\t\t\t\t<div class=\"elementor-post__excerpt\">\n\t\t\t<p>El arma secreta de nuestros distribuidores: Renders 3D hiperrealistas para cerrar m\u00e1s ventas En el competitivo mercado global del p\u00e1del, la diferencia entre ganar un proyecto premium o perderlo rara vez reside en el precio. Reside en la confianza y en la capacidad de visualizar el \u00e9xito. Cuando un inversor,<\/p>\n\t\t<\/div>\n\t\t\n\t\t<a class=\"elementor-post__read-more\" href=\"https:\/\/ingodepadel.com\/en_gb\/3d-render-previsualiza-tu-proyecto\/\" aria-label=\"Read more about 3D Render \/ Previsualiza t\u00fa proyecto\" tabindex=\"-1\" >\n\t\t\tLeer m\u00e1s &gt;\t\t<\/a>\n\n\t\t\t\t<\/div>\n\t\t\t\t<div class=\"elementor-post__meta-data\">\n\t\t\t\t\t<span class=\"elementor-post-date\">\n\t\t\tMarch 23, 2026\t\t<\/span>\n\t\t\t\t<\/div>\n\t\t\t\t\t<\/div>\n\t\t<\/article>\n\t\t\t\t<article class=\"elementor-post elementor-grid-item post-6198 post type-post status-publish format-standard has-post-thumbnail hentry category-sin-categoria\" role=\"listitem\">\n\t\t\t<div class=\"elementor-post__card\">\n\t\t\t\t<a class=\"elementor-post__thumbnail__link\" href=\"https:\/\/ingodepadel.com\/en_gb\/el-liderazgo-femenino-que-impulsa-ingode-padel-courts\/\" tabindex=\"-1\" ><div class=\"elementor-post__thumbnail\"><img loading=\"lazy\" decoding=\"async\" width=\"300\" height=\"169\" src=\"https:\/\/ingodepadel.com\/wp-content\/uploads\/2026\/03\/rosa_maria_ramos_ingode_padel_courts_manufacturer_8m-300x169.webp\" class=\"attachment-medium size-medium wp-image-6199\" alt=\"\" srcset=\"https:\/\/ingodepadel.com\/wp-content\/uploads\/2026\/03\/rosa_maria_ramos_ingode_padel_courts_manufacturer_8m-300x169.webp 300w, https:\/\/ingodepadel.com\/wp-content\/uploads\/2026\/03\/rosa_maria_ramos_ingode_padel_courts_manufacturer_8m-1024x576.webp 1024w, https:\/\/ingodepadel.com\/wp-content\/uploads\/2026\/03\/rosa_maria_ramos_ingode_padel_courts_manufacturer_8m-768x432.webp 768w, https:\/\/ingodepadel.com\/wp-content\/uploads\/2026\/03\/rosa_maria_ramos_ingode_padel_courts_manufacturer_8m-1536x864.webp 1536w, https:\/\/ingodepadel.com\/wp-content\/uploads\/2026\/03\/rosa_maria_ramos_ingode_padel_courts_manufacturer_8m-18x10.webp 18w, https:\/\/ingodepadel.com\/wp-content\/uploads\/2026\/03\/rosa_maria_ramos_ingode_padel_courts_manufacturer_8m.webp 1920w\" sizes=\"auto, (max-width: 300px) 100vw, 300px\" \/><\/div><\/a>\n\t\t\t\t<div class=\"elementor-post__text\">\n\t\t\t\t<h3 class=\"elementor-post__title\">\n\t\t\t<a href=\"https:\/\/ingodepadel.com\/en_gb\/el-liderazgo-femenino-que-impulsa-ingode-padel-courts\/\" >\n\t\t\t\tEl liderazgo femenino que impulsa Ingode Padel Courts\t\t\t<\/a>\n\t\t<\/h3>\n\t\t\t\t<div class=\"elementor-post__excerpt\">\n\t\t\t<p>En el D\u00eda Internacional de la Mujer (8M), reivindicamos el papel fundamental del talento femenino en la ingenier\u00eda, la fabricaci\u00f3n y la expansi\u00f3n global del p\u00e1del. En una industria hist\u00f3ricamente dominada por hombres \u2014como es la ingenier\u00eda estructural, la soldadura, la obra civil o la fabricaci\u00f3n industrial\u2014 en Ingode Padel<\/p>\n\t\t<\/div>\n\t\t\n\t\t<a class=\"elementor-post__read-more\" href=\"https:\/\/ingodepadel.com\/en_gb\/el-liderazgo-femenino-que-impulsa-ingode-padel-courts\/\" aria-label=\"Read more about El liderazgo femenino que impulsa Ingode Padel Courts\" tabindex=\"-1\" >\n\t\t\tLeer m\u00e1s &gt;\t\t<\/a>\n\n\t\t\t\t<\/div>\n\t\t\t\t<div class=\"elementor-post__meta-data\">\n\t\t\t\t\t<span class=\"elementor-post-date\">\n\t\t\tMarch 8, 2026\t\t<\/span>\n\t\t\t\t<\/div>\n\t\t\t\t\t<\/div>\n\t\t<\/article>\n\t\t\t\t<article class=\"elementor-post elementor-grid-item post-5471 post type-post status-publish format-standard has-post-thumbnail hentry category-sin-categoria\" role=\"listitem\">\n\t\t\t<div class=\"elementor-post__card\">\n\t\t\t\t<a class=\"elementor-post__thumbnail__link\" href=\"https:\/\/ingodepadel.com\/en_gb\/instaladores-de-pistas-de-padel\/\" tabindex=\"-1\" ><div class=\"elementor-post__thumbnail\"><img loading=\"lazy\" decoding=\"async\" width=\"300\" height=\"169\" src=\"https:\/\/ingodepadel.com\/wp-content\/uploads\/2026\/01\/top_padel_instaladores_de_pistas_de_padel_instaladores_de_pistas_de_pickleball_1-300x169.webp\" class=\"attachment-medium size-medium wp-image-5260\" alt=\"\" srcset=\"https:\/\/ingodepadel.com\/wp-content\/uploads\/2026\/01\/top_padel_instaladores_de_pistas_de_padel_instaladores_de_pistas_de_pickleball_1-300x169.webp 300w, https:\/\/ingodepadel.com\/wp-content\/uploads\/2026\/01\/top_padel_instaladores_de_pistas_de_padel_instaladores_de_pistas_de_pickleball_1-1024x576.webp 1024w, https:\/\/ingodepadel.com\/wp-content\/uploads\/2026\/01\/top_padel_instaladores_de_pistas_de_padel_instaladores_de_pistas_de_pickleball_1-768x432.webp 768w, https:\/\/ingodepadel.com\/wp-content\/uploads\/2026\/01\/top_padel_instaladores_de_pistas_de_padel_instaladores_de_pistas_de_pickleball_1-1536x864.webp 1536w, https:\/\/ingodepadel.com\/wp-content\/uploads\/2026\/01\/top_padel_instaladores_de_pistas_de_padel_instaladores_de_pistas_de_pickleball_1-18x10.webp 18w, https:\/\/ingodepadel.com\/wp-content\/uploads\/2026\/01\/top_padel_instaladores_de_pistas_de_padel_instaladores_de_pistas_de_pickleball_1.webp 1920w\" sizes=\"auto, (max-width: 300px) 100vw, 300px\" \/><\/div><\/a>\n\t\t\t\t<div class=\"elementor-post__text\">\n\t\t\t\t<h3 class=\"elementor-post__title\">\n\t\t\t<a href=\"https:\/\/ingodepadel.com\/en_gb\/instaladores-de-pistas-de-padel\/\" >\n\t\t\t\tInstaladores de Pistas de Padel\t\t\t<\/a>\n\t\t<\/h3>\n\t\t\t\t<div class=\"elementor-post__excerpt\">\n\t\t\t<p>M\u00e1s all\u00e1 de la F\u00e1brica: Top Padel Assembly Team y el Arte de la Instalaci\u00f3n Perfecta En la industria del p\u00e1del, se habla mucho de la calidad del acero y del espesor del cristal, pero a menudo se olvida el eslab\u00f3n cr\u00edtico que une todas esas piezas: el montaje. Puedes<\/p>\n\t\t<\/div>\n\t\t\n\t\t<a class=\"elementor-post__read-more\" href=\"https:\/\/ingodepadel.com\/en_gb\/instaladores-de-pistas-de-padel\/\" aria-label=\"Read more about Instaladores de Pistas de Padel\" tabindex=\"-1\" >\n\t\t\tLeer m\u00e1s &gt;\t\t<\/a>\n\n\t\t\t\t<\/div>\n\t\t\t\t<div class=\"elementor-post__meta-data\">\n\t\t\t\t\t<span class=\"elementor-post-date\">\n\t\t\tJanuary 3, 2026\t\t<\/span>\n\t\t\t\t<\/div>\n\t\t\t\t\t<\/div>\n\t\t<\/article>\n\t\t\t\t<article class=\"elementor-post elementor-grid-item post-4966 post type-post status-publish format-standard has-post-thumbnail hentry category-sin-categoria\" role=\"listitem\">\n\t\t\t<div class=\"elementor-post__card\">\n\t\t\t\t<a class=\"elementor-post__thumbnail__link\" href=\"https:\/\/ingodepadel.com\/en_gb\/windrose-plus-vs-windrose-in-ingode-padel-courts\/\" tabindex=\"-1\" ><div class=\"elementor-post__thumbnail\"><img loading=\"lazy\" decoding=\"async\" width=\"300\" height=\"169\" src=\"https:\/\/ingodepadel.com\/wp-content\/uploads\/2025\/12\/ingode_padel_courts_windrose_plus__vs_windrose_in_real-300x169.webp\" class=\"attachment-medium size-medium wp-image-4969\" alt=\"\" srcset=\"https:\/\/ingodepadel.com\/wp-content\/uploads\/2025\/12\/ingode_padel_courts_windrose_plus__vs_windrose_in_real-300x169.webp 300w, https:\/\/ingodepadel.com\/wp-content\/uploads\/2025\/12\/ingode_padel_courts_windrose_plus__vs_windrose_in_real-1024x576.webp 1024w, https:\/\/ingodepadel.com\/wp-content\/uploads\/2025\/12\/ingode_padel_courts_windrose_plus__vs_windrose_in_real-768x432.webp 768w, https:\/\/ingodepadel.com\/wp-content\/uploads\/2025\/12\/ingode_padel_courts_windrose_plus__vs_windrose_in_real-1536x864.webp 1536w, https:\/\/ingodepadel.com\/wp-content\/uploads\/2025\/12\/ingode_padel_courts_windrose_plus__vs_windrose_in_real-18x10.webp 18w, https:\/\/ingodepadel.com\/wp-content\/uploads\/2025\/12\/ingode_padel_courts_windrose_plus__vs_windrose_in_real.webp 1920w\" sizes=\"auto, (max-width: 300px) 100vw, 300px\" \/><\/div><\/a>\n\t\t\t\t<div class=\"elementor-post__text\">\n\t\t\t\t<h3 class=\"elementor-post__title\">\n\t\t\t<a href=\"https:\/\/ingodepadel.com\/en_gb\/windrose-plus-vs-windrose-in-ingode-padel-courts\/\" >\n\t\t\t\tWindRose Plus vs. WindRose In \/ Ingode Padel Courts\t\t\t<\/a>\n\t\t<\/h3>\n\t\t\t\t<div class=\"elementor-post__excerpt\">\n\t\t\t<p>WindRose Plus vs. WindRose In: Est\u00e9tica Industrial para Dos Mundos Diferentes El dise\u00f1o de una pista de p\u00e1del no es solo una cuesti\u00f3n de ingenier\u00eda; es una declaraci\u00f3n de estilo. La gama WindRose de Ingode Padel Courts se ha consolidado como una de las favoritas para aquellos clubes que buscan<\/p>\n\t\t<\/div>\n\t\t\n\t\t<a class=\"elementor-post__read-more\" href=\"https:\/\/ingodepadel.com\/en_gb\/windrose-plus-vs-windrose-in-ingode-padel-courts\/\" aria-label=\"Read more about WindRose Plus vs. WindRose In \/ Ingode Padel Courts\" tabindex=\"-1\" >\n\t\t\tLeer m\u00e1s &gt;\t\t<\/a>\n\n\t\t\t\t<\/div>\n\t\t\t\t<div class=\"elementor-post__meta-data\">\n\t\t\t\t\t<span class=\"elementor-post-date\">\n\t\t\tDecember 21, 2025\t\t<\/span>\n\t\t\t\t<\/div>\n\t\t\t\t\t<\/div>\n\t\t<\/article>\n\t\t\t\t<article class=\"elementor-post elementor-grid-item post-4964 post type-post status-publish format-standard has-post-thumbnail hentry category-sin-categoria\" role=\"listitem\">\n\t\t\t<div class=\"elementor-post__card\">\n\t\t\t\t<a class=\"elementor-post__thumbnail__link\" href=\"https:\/\/ingodepadel.com\/en_gb\/ingode-360-plus-vs-360-in\/\" tabindex=\"-1\" ><div class=\"elementor-post__thumbnail\"><img loading=\"lazy\" decoding=\"async\" width=\"300\" height=\"169\" src=\"https:\/\/ingodepadel.com\/wp-content\/uploads\/2025\/12\/ingode_padel_courts_360_plus__vs_360_in_real-300x169.webp\" class=\"attachment-medium size-medium wp-image-4970\" alt=\"\" srcset=\"https:\/\/ingodepadel.com\/wp-content\/uploads\/2025\/12\/ingode_padel_courts_360_plus__vs_360_in_real-300x169.webp 300w, https:\/\/ingodepadel.com\/wp-content\/uploads\/2025\/12\/ingode_padel_courts_360_plus__vs_360_in_real-1024x576.webp 1024w, https:\/\/ingodepadel.com\/wp-content\/uploads\/2025\/12\/ingode_padel_courts_360_plus__vs_360_in_real-768x432.webp 768w, https:\/\/ingodepadel.com\/wp-content\/uploads\/2025\/12\/ingode_padel_courts_360_plus__vs_360_in_real-1536x864.webp 1536w, https:\/\/ingodepadel.com\/wp-content\/uploads\/2025\/12\/ingode_padel_courts_360_plus__vs_360_in_real-18x10.webp 18w, https:\/\/ingodepadel.com\/wp-content\/uploads\/2025\/12\/ingode_padel_courts_360_plus__vs_360_in_real.webp 1920w\" sizes=\"auto, (max-width: 300px) 100vw, 300px\" \/><\/div><\/a>\n\t\t\t\t<div class=\"elementor-post__text\">\n\t\t\t\t<h3 class=\"elementor-post__title\">\n\t\t\t<a href=\"https:\/\/ingodepadel.com\/en_gb\/ingode-360-plus-vs-360-in\/\" >\n\t\t\t\tIngode Padel Courts 360 Plus vs. 360 In\t\t\t<\/a>\n\t\t<\/h3>\n\t\t\t\t<div class=\"elementor-post__excerpt\">\n\t\t\t<p>Duelo de Panor\u00e1micas: Ingode 360 Plus vs. 360 In \u2013 \u00bfCu\u00e1l es la Pista Ideal para tu Club? En la era actual del p\u00e1del, el espect\u00e1culo visual es casi tan importante como el juego mismo. Las pistas panor\u00e1micas, que eliminan los postes en los fondos y esquinas para ofrecer una<\/p>\n\t\t<\/div>\n\t\t\n\t\t<a class=\"elementor-post__read-more\" href=\"https:\/\/ingodepadel.com\/en_gb\/ingode-360-plus-vs-360-in\/\" aria-label=\"Read more about Ingode Padel Courts 360 Plus vs. 360 In\" tabindex=\"-1\" >\n\t\t\tLeer m\u00e1s &gt;\t\t<\/a>\n\n\t\t\t\t<\/div>\n\t\t\t\t<div class=\"elementor-post__meta-data\">\n\t\t\t\t\t<span class=\"elementor-post-date\">\n\t\t\tDecember 21, 2025\t\t<\/span>\n\t\t\t\t<\/div>\n\t\t\t\t\t<\/div>\n\t\t<\/article>\n\t\t\t\t<\/div>\n\t\t\t\t\t<span class=\"e-load-more-spinner\">\n\t\t\t\t<svg aria-hidden=\"true\" class=\"e-font-icon-svg e-fas-spinner\" viewbox=\"0 0 512 512\" xmlns=\"http:\/\/www.w3.org\/2000\/svg\"><path d=\"M304 48c0 26.51-21.49 48-48 48s-48-21.49-48-48 21.49-48 48-48 48 21.49 48 48zm-48 368c-26.51 0-48 21.49-48 48s21.49 48 48 48 48-21.49 48-48-21.49-48-48-48zm208-208c-26.51 0-48 21.49-48 48s21.49 48 48 48 48-21.49 48-48-21.49-48-48-48zM96 256c0-26.51-21.49-48-48-48S0 229.49 0 256s21.49 48 48 48 48-21.49 48-48zm12.922 99.078c-26.51 0-48 21.49-48 48s21.49 48 48 48 48-21.49 48-48c0-26.509-21.491-48-48-48zm294.156 0c-26.51 0-48 21.49-48 48s21.49 48 48 48 48-21.49 48-48c0-26.509-21.49-48-48-48zM108.922 60.922c-26.51 0-48 21.49-48 48s21.49 48 48 48 48-21.49 48-48-21.491-48-48-48z\"><\/path><\/svg>\t\t\t<\/span>\n\t\t\n\t\t\t\t<div class=\"e-load-more-anchor\" data-page=\"1\" data-max-page=\"3\" data-next-page=\"https:\/\/ingodepadel.com\/wp-json\/wp\/v2\/pages\/2123\/page\/2\/\"><\/div>\n\t\t\t\t<div class=\"e-load-more-message\"><\/div>\n\t\t\t\t\t\t<\/div>\n\t\t\t\t<\/div>\n\t\t\t\t\t<\/div>\n\t\t\t\t<\/div>\n\t\t<div class=\"elementor-element elementor-element-fa31408 e-con-full e-flex e-con e-child\" data-id=\"fa31408\" data-element_type=\"container\" data-e-type=\"container\" data-settings=\"{&quot;jet_parallax_layout_list&quot;:[],&quot;background_background&quot;:&quot;classic&quot;}\">\n\t\t\t\t<div class=\"elementor-element elementor-element-43902b0 elementor-widget__width-inherit elementor-widget elementor-widget-google_maps\" data-id=\"43902b0\" data-element_type=\"widget\" data-e-type=\"widget\" data-widget_type=\"google_maps.default\">\n\t\t\t\t\t\t\t<div class=\"elementor-custom-embed\">\n\t\t\t<iframe loading=\"lazy\"\n\t\t\t\t\tsrc=\"https:\/\/maps.google.com\/maps?q=Partida%20el%20Cachap%2C%2041%2C%2003339%20Crevillente&#038;t=m&#038;z=11&#038;output=embed&#038;iwloc=near\"\n\t\t\t\t\ttitle=\"Partida el Cachap, 41, 03339 Crevillente\"\n\t\t\t\t\taria-label=\"Partida el Cachap, 41, 03339 Crevillente\"\n\t\t\t><\/iframe>\n\t\t<\/div>\n\t\t\t\t\t\t<\/div>\n\t\t\t\t<div class=\"elementor-element elementor-element-03c07b7 elementor-widget elementor-widget-image\" data-id=\"03c07b7\" data-element_type=\"widget\" data-e-type=\"widget\" data-widget_type=\"image.default\">\n\t\t\t\t\t\t\t\t\t\t\t\t\t\t\t<img loading=\"lazy\" decoding=\"async\" width=\"1920\" height=\"1080\" src=\"https:\/\/ingodepadel.com\/wp-content\/uploads\/2025\/12\/ingode_padel_courts_conceptos_pistas_de_padel_360_360in_windrose_windrosein_bora_rosa_maria_ramos.webp\" class=\"attachment-full size-full wp-image-4108\" alt=\"\" srcset=\"https:\/\/ingodepadel.com\/wp-content\/uploads\/2025\/12\/ingode_padel_courts_conceptos_pistas_de_padel_360_360in_windrose_windrosein_bora_rosa_maria_ramos.webp 1920w, https:\/\/ingodepadel.com\/wp-content\/uploads\/2025\/12\/ingode_padel_courts_conceptos_pistas_de_padel_360_360in_windrose_windrosein_bora_rosa_maria_ramos-300x169.webp 300w, https:\/\/ingodepadel.com\/wp-content\/uploads\/2025\/12\/ingode_padel_courts_conceptos_pistas_de_padel_360_360in_windrose_windrosein_bora_rosa_maria_ramos-1024x576.webp 1024w, https:\/\/ingodepadel.com\/wp-content\/uploads\/2025\/12\/ingode_padel_courts_conceptos_pistas_de_padel_360_360in_windrose_windrosein_bora_rosa_maria_ramos-768x432.webp 768w, https:\/\/ingodepadel.com\/wp-content\/uploads\/2025\/12\/ingode_padel_courts_conceptos_pistas_de_padel_360_360in_windrose_windrosein_bora_rosa_maria_ramos-1536x864.webp 1536w, https:\/\/ingodepadel.com\/wp-content\/uploads\/2025\/12\/ingode_padel_courts_conceptos_pistas_de_padel_360_360in_windrose_windrosein_bora_rosa_maria_ramos-18x10.webp 18w\" sizes=\"auto, (max-width: 1920px) 100vw, 1920px\" \/>\t\t\t\t\t\t\t\t\t\t\t\t\t\t\t<\/div>\n\t\t\t\t<\/div>\n\t\t\t\t<\/div>\n\t\t\t\t<\/div>","protected":false},"excerpt":{"rendered":"<p>BLOG INGODE<\/p>","protected":false},"author":1,"featured_media":0,"parent":0,"menu_order":9,"comment_status":"closed","ping_status":"closed","template":"","meta":{"footnotes":""},"class_list":["post-2123","page","type-page","status-publish","hentry"],"_links":{"self":[{"href":"https:\/\/ingodepadel.com\/en_gb\/wp-json\/wp\/v2\/pages\/2123","targetHints":{"allow":["GET"]}}],"collection":[{"href":"https:\/\/ingodepadel.com\/en_gb\/wp-json\/wp\/v2\/pages"}],"about":[{"href":"https:\/\/ingodepadel.com\/en_gb\/wp-json\/wp\/v2\/types\/page"}],"author":[{"embeddable":true,"href":"https:\/\/ingodepadel.com\/en_gb\/wp-json\/wp\/v2\/users\/1"}],"replies":[{"embeddable":true,"href":"https:\/\/ingodepadel.com\/en_gb\/wp-json\/wp\/v2\/comments?post=2123"}],"version-history":[{"count":0,"href":"https:\/\/ingodepadel.com\/en_gb\/wp-json\/wp\/v2\/pages\/2123\/revisions"}],"wp:attachment":[{"href":"https:\/\/ingodepadel.com\/en_gb\/wp-json\/wp\/v2\/media?parent=2123"}],"curies":[{"name":"wp","href":"https:\/\/api.w.org\/{rel}","templated":true}]}}